{"id":4167,"date":"2025-10-17T14:12:12","date_gmt":"2025-10-17T14:12:12","guid":{"rendered":"https:\/\/calventurarestaurant.com\/privacy-policies\/"},"modified":"2026-03-28T18:08:31","modified_gmt":"2026-03-28T18:08:31","slug":"privacy-policies","status":"publish","type":"page","link":"https:\/\/calventurarestaurant.com\/en\/privacy-policies\/","title":{"rendered":"Privacy policies"},"content":{"rendered":"\t\t<div data-elementor-type=\"wp-page\" data-elementor-id=\"4167\" class=\"elementor elementor-4167 elementor-3\" data-elementor-post-type=\"page\">\n\t\t\t\t<div class=\"elementor-element elementor-element-33132a7 e-flex e-con-boxed e-con e-parent\" data-id=\"33132a7\" data-element_type=\"container\" data-e-type=\"container\" data-settings=\"{&quot;background_background&quot;:&quot;classic&quot;}\">\n\t\t\t\t\t<div class=\"e-con-inner\">\n\t\t\t\t<div class=\"elementor-element elementor-element-704a253 elementor-widget elementor-widget-heading\" data-id=\"704a253\" data-element_type=\"widget\" data-e-type=\"widget\" data-widget_type=\"heading.default\">\n\t\t\t\t\t<h2 class=\"elementor-heading-title elementor-size-default\">Privacy policies<\/h2>\t\t\t\t<\/div>\n\t\t\t\t\t<\/div>\n\t\t\t\t<\/div>\n\t\t<div class=\"elementor-element elementor-element-29b9b109 e-flex e-con-boxed e-con e-parent\" data-id=\"29b9b109\" data-element_type=\"container\" data-e-type=\"container\">\n\t\t\t\t\t<div class=\"e-con-inner\">\n\t\t\t\t<div class=\"elementor-element elementor-element-75f3b046 elementor-widget elementor-widget-text-editor\" data-id=\"75f3b046\" data-element_type=\"widget\" data-e-type=\"widget\" data-widget_type=\"text-editor.default\">\n\t\t\t\t\t\t\t\t\t\n<h2 class=\"wp-block-heading\"><strong>Who we are<\/strong><\/h2>\n\n\n\n<p>La direcci\u00f3n de nuestro sitio web es: <a href=\"https:\/\/calventurarestaurant.com\/en\/\">https:\/\/calventurarestaurant.com<\/a><\/p>\n\n\n\n<p>Cal Ventura Restaurant is committed to protecting your privacy and ensuring that your personal data is treated securely and responsibly.<\/p>\n\n\n\n<hr class=\"wp-block-separator has-alpha-channel-opacity\">\n\n\n\n<h2 class=\"wp-block-heading\"><strong>Comments<\/strong><\/h2>\n\n\n\n<p>When visitors leave comments on the site, we collect the data shown in the comments form, as well as the visitor&#8217;s IP address and browser user agent string to help spam detection.<\/p>\n\n\n\n<p>An anonymized string created from your email address (also called a hash) may be provided to the Gravatar service to verify that you are using it. The Gravatar privacy policy is available here: https:\/\/automattic.com\/privacy\/. <\/p>\n\n\n\n<p>Once the comment is approved, your profile picture will be publicly visible in the context of the comment.<\/p>\n\n\n\n<hr class=\"wp-block-separator has-alpha-channel-opacity\">\n\n\n\n<h2 class=\"wp-block-heading\"><strong>Media<\/strong><\/h2>\n\n\n\n<p>If you upload images to the website, you should avoid uploading images with embedded location data (EXIF GPS).<\/p>\n\n\n\n<p>Website visitors can download and extract any location data from the images.<\/p>\n\n\n\n<hr class=\"wp-block-separator has-alpha-channel-opacity\">\n\n\n\n<h2 class=\"wp-block-heading\"><strong>Cookies<\/strong><\/h2>\n\n\n\n<p>If you leave a comment on our site, you can opt to save your name, email address, and website in cookies. This is for your convenience so you don&#8217;t have to fill in your details again when you leave another comment. These cookies will last for one year.  <\/p>\n\n\n\n<p>If you visit our login page, we will set a temporary cookie to determine if your browser accepts cookies. This cookie contains no personal data and is discarded when you close your browser. <\/p>\n\n\n\n<p>When you log in, we also set up several cookies to save your login information and your screen display preferences. Login cookies last for two days, and screen options cookies last for one year. <\/p>\n\n\n\n<p>If you select \u201cRemember me\u201d, your access will persist for two weeks.<\/p>\n\n\n\n<p>If you log out, the login cookies will be deleted.<\/p>\n\n\n\n<p>If you edit or publish an article, an additional cookie will be stored in your browser. This cookie contains no personal data and simply indicates the ID of the content you just edited. It expires after one day.  <\/p>\n\n\n\n<hr class=\"wp-block-separator has-alpha-channel-opacity\">\n\n\n\n<h2 class=\"wp-block-heading\"><strong>Embedded content from other websites<\/strong><\/h2>\n\n\n\n<p>Articles on this site may include embedded content (e.g., videos, images, articles, etc.).<\/p>\n\n\n\n<p>Embedded content from other websites behaves in exactly the same way as if the visitor had visited the other website.<\/p>\n\n\n\n<p>Estos sitios pueden recopilar datos sobre ti, utilizar cookies, incorporar seguimiento adicional de terceros y supervisar tu interacci\u00f3n con ese contenido incrustado, incluyendo el seguimiento de tu interacci\u00f3n si tienes una cuenta y est\u00e1s conectado a ese sitio web.<\/p>\n\n\n\n<hr class=\"wp-block-separator has-alpha-channel-opacity\">\n\n\n\n<h2 class=\"wp-block-heading\"><strong>Who we share your data with<\/strong><\/h2>\n\n\n\n<p>If you request a password reset, your IP address will be included in the reset email.<\/p>\n\n\n\n<hr class=\"wp-block-separator has-alpha-channel-opacity\">\n\n\n\n<h2 class=\"wp-block-heading\"><strong>How long do we keep your data?<\/strong><\/h2>\n\n\n\n<p>If you leave a comment, the comment and its metadata are retained indefinitely. This allows us to automatically recognize and approve subsequent comments instead of holding them in a moderation queue. <\/p>\n\n\n\n<p>For users who register on our website (if any), we also store the personal information they provide in their user profile.<\/p>\n\n\n\n<p>All users can view, edit, or delete their personal information at any time (except they cannot change their username).<\/p>\n\n\n\n<p>Website administrators can also view and edit that information.<\/p>\n\n\n\n<hr class=\"wp-block-separator has-alpha-channel-opacity\">\n\n\n\n<h2 class=\"wp-block-heading\"><strong>What rights do you have over your data?<\/strong><\/h2>\n\n\n\n<p>If you have an account on this site or have left comments, you can request to receive an exported file of the personal data we hold about you, including any data you have provided to us.<\/p>\n\n\n\n<p>You can also request that we delete any personal data we have about you.<\/p>\n\n\n\n<p>This does not include any data that we are required to retain for administrative, legal, or security purposes.<\/p>\n\n\n\n<hr class=\"wp-block-separator has-alpha-channel-opacity\">\n\n\n\n<h2 class=\"wp-block-heading\"><strong>Where your data is sent<\/strong><\/h2>\n\n\n\n<p>Visitor comments may be reviewed by an automated spam detection service.<\/p>\n\n\n\n<hr class=\"wp-block-separator has-alpha-channel-opacity\">\n\n\n\n<h2 class=\"wp-block-heading\"><strong>Contact information<\/strong><\/h2>\n\n\n\n<p>If you have any questions about this privacy policy or the processing of your data, you can contact us through our website: <a href=\"https:\/\/calventurarestaurant.com\/en\/\">https:\/\/calventurarestaurant.com\/<\/a><\/p>\n\n\n\n<hr class=\"wp-block-separator has-alpha-channel-opacity\">\n\n\n\n<h2 class=\"wp-block-heading\"><strong>Changes to this privacy policy<\/strong><\/h2>\n\n\n\n<p>We reserve the right to modify this privacy policy at any time.<\/p>\n\n\n\n<p>Any changes will be posted on this same page.<\/p>\n\t\t\t\t\t\t\t\t<\/div>\n\t\t\t\t\t<\/div>\n\t\t\t\t<\/div>\n\t\t\t\t<\/div>\n\t\t","protected":false},"excerpt":{"rendered":"<p>Privacy policies Who we are La direcci\u00f3n de nuestro sitio web es: https:\/\/calventurarestaurant.com Cal Ventura Restaurant is committed to protecting your privacy and ensuring that your personal data is treated securely and responsibly. Comments When visitors leave comments on the site, we collect the data shown in the comments form, as well as the visitor&#8217;s [&hellip;]<\/p>\n","protected":false},"author":1,"featured_media":0,"parent":0,"menu_order":0,"comment_status":"closed","ping_status":"open","template":"elementor_canvas","meta":{"footnotes":""},"class_list":["post-4167","page","type-page","status-publish","hentry"],"_links":{"self":[{"href":"https:\/\/calventurarestaurant.com\/en\/wp-json\/wp\/v2\/pages\/4167","targetHints":{"allow":["GET"]}}],"collection":[{"href":"https:\/\/calventurarestaurant.com\/en\/wp-json\/wp\/v2\/pages"}],"about":[{"href":"https:\/\/calventurarestaurant.com\/en\/wp-json\/wp\/v2\/types\/page"}],"author":[{"embeddable":true,"href":"https:\/\/calventurarestaurant.com\/en\/wp-json\/wp\/v2\/users\/1"}],"replies":[{"embeddable":true,"href":"https:\/\/calventurarestaurant.com\/en\/wp-json\/wp\/v2\/comments?post=4167"}],"version-history":[{"count":3,"href":"https:\/\/calventurarestaurant.com\/en\/wp-json\/wp\/v2\/pages\/4167\/revisions"}],"predecessor-version":[{"id":4170,"href":"https:\/\/calventurarestaurant.com\/en\/wp-json\/wp\/v2\/pages\/4167\/revisions\/4170"}],"wp:attachment":[{"href":"https:\/\/calventurarestaurant.com\/en\/wp-json\/wp\/v2\/media?parent=4167"}],"curies":[{"name":"wp","href":"https:\/\/api.w.org\/{rel}","templated":true}]}}